{"id":8,"date":"2013-08-10T18:20:40","date_gmt":"2013-08-10T18:20:40","guid":{"rendered":"http:\/\/delmenhorst.gewweserems.de\/?page_id=8"},"modified":"2025-03-19T16:47:48","modified_gmt":"2025-03-19T15:47:48","slug":"impressum","status":"publish","type":"page","link":"https:\/\/delmenhorst.gewweserems.de\/?page_id=8","title":{"rendered":"Impressum"},"content":{"rendered":"<div>\n<div>\n<div>\n<div>\n<style type=\"text\/css\">\n\t<!-- @page { margin: 2cm } P { margin-bottom: 0.21cm } --><br \/>\t<\/style>\n<p>&nbsp;<\/p>\n<style type=\"text\/css\">\n\t<!--\n\t\t@page { margin: 2cm }\n\t\tP { margin-bottom: 0.21cm }\n\t--><br \/>\n\t<\/style>\n<p>&nbsp;<\/p>\n<p><strong><span style=\"font-family: Arial, sans-serif; color: #ff0000;\">Gewerkschaft Erziehung und Wissenschaft<\/span><\/strong><\/p>\n<p><span style=\"color: #ff0000; font-size: medium;\"><strong><span style=\"font-family: Helvetica, sans-serif;\">Kreisverband Delmenhorst<\/span><\/strong><\/span><\/p>\n<p align=\"left\">Sebastian Schulte<\/p>\n<p><del><\/del><br \/>\nE-Mail: <span style=\"font-family: Arial;\"><a class=\"moz-txt-link-abbreviated\" href=\"mailto:kv.delmenhrorst@gewweserems.de\" target=\"_blank\" rel=\"noopener noreferrer\">kv.delmenhorst@gewweserems.de<\/a><\/span><\/p>\n<\/div>\n<\/div>\n<div><span style=\"font-size: xx-small;\">Mit Urteil vom 12. Mai 1998 hat das Landgericht entschieden, dass man durch die Ausbringung<br \/>\neines Links die Inhalte der gelinkten Seite ggf. mit zu verantworten hat.<br \/>\nDies kann &#8211; so das LG &#8211; nur dadurch verhindert werden, dass man sich ausdr\u00fccklich von diesen Inhalten distanziert.<br \/>\nWir haben auf verschiedenen dieser Homepage, Links zu anderen Seiten im Internet gelegt.<br \/>\nF\u00fcr all diese Links gilt: Wir m\u00f6chten ausdr\u00fccklich betonen, dass wir keinerlei Einfluss auf die Gestaltung<br \/>\nund die Inhalte der gelinkten Seiten haben.<br \/>\nDeshalb distanzieren wir uns hiermit ausdr\u00fccklich von Inhalten aller gelinkten Seiten auf unserer Homepage und machen uns ihre Inhalte nicht zu eigen.<br \/>\nDiese Erkl\u00e4rung gilt f\u00fcr alle auf unserer Homepage ausgebrachten Links. <\/span><\/div>\n<\/div>\n<\/div>\n","protected":false},"excerpt":{"rendered":"<div class=\"mh-excerpt\"><p>&nbsp; &nbsp; Gewerkschaft Erziehung und Wissenschaft Kreisverband Delmenhorst Sebastian Schulte E-Mail: kv.delmenhorst@gewweserems.de Mit Urteil vom 12. Mai 1998 hat das Landgericht entschieden, dass man durch die Ausbringung eines Links die Inhalte der gelinkten Seite ggf. <a class=\"mh-excerpt-more\" href=\"https:\/\/delmenhorst.gewweserems.de\/?page_id=8\" title=\"Impressum\">[&#8230;]<\/a><\/p>\n<\/div>","protected":false},"author":1,"featured_media":0,"parent":0,"menu_order":0,"comment_status":"open","ping_status":"open","template":"","meta":{"footnotes":""},"class_list":["post-8","page","type-page","status-publish"],"_links":{"self":[{"href":"https:\/\/delmenhorst.gewweserems.de\/index.php?rest_route=\/wp\/v2\/pages\/8","targetHints":{"allow":["GET"]}}],"collection":[{"href":"https:\/\/delmenhorst.gewweserems.de\/index.php?rest_route=\/wp\/v2\/pages"}],"about":[{"href":"https:\/\/delmenhorst.gewweserems.de\/index.php?rest_route=\/wp\/v2\/types\/page"}],"author":[{"embeddable":true,"href":"https:\/\/delmenhorst.gewweserems.de\/index.php?rest_route=\/wp\/v2\/users\/1"}],"replies":[{"embeddable":true,"href":"https:\/\/delmenhorst.gewweserems.de\/index.php?rest_route=%2Fwp%2Fv2%2Fcomments&post=8"}],"version-history":[{"count":11,"href":"https:\/\/delmenhorst.gewweserems.de\/index.php?rest_route=\/wp\/v2\/pages\/8\/revisions"}],"predecessor-version":[{"id":1088,"href":"https:\/\/delmenhorst.gewweserems.de\/index.php?rest_route=\/wp\/v2\/pages\/8\/revisions\/1088"}],"wp:attachment":[{"href":"https:\/\/delmenhorst.gewweserems.de\/index.php?rest_route=%2Fwp%2Fv2%2Fmedia&parent=8"}],"curies":[{"name":"wp","href":"https:\/\/api.w.org\/{rel}","templated":true}]}}